{"id":12,"date":"2021-08-16T15:34:23","date_gmt":"2021-08-16T13:34:23","guid":{"rendered":"http:\/\/demos.famethemes.com\/screenr\/?page_id=12"},"modified":"2026-04-12T19:36:51","modified_gmt":"2026-04-12T17:36:51","slug":"video-journalist-martin-reissmann","status":"publish","type":"page","link":"https:\/\/www.martin-reissmann.de\/mr\/video-journalist-martin-reissmann\/","title":{"rendered":"Video-Journalist"},"content":{"rendered":"\n<h1 class=\"wp-block-heading\">Profi f\u00fcr Fernsehen, Unterhaltung &amp; digitales Storytelling<\/h1>\n\n\n\n<p id=\"message\"><strong>Als freier Videojournalist arbeite ich seit vielen Jahren f\u00fcr Sender, Produktionsfirmen und Kreative, die Geschichten nicht nur erz\u00e4hlen, sondern erlebbar machen wollen. Ich arbeite f\u00fcr verschiedene \u00f6ffentlich\u2011rechtliche und private Medienh\u00e4user, Produktionsfirmen und Kreative im deutschsprachigen Raum. <\/strong><\/p>\n\n\n\n<figure class=\"wp-block-image size-large\"><img loading=\"lazy\" decoding=\"async\" width=\"1024\" height=\"734\" src=\"http:\/\/www.martin-reissmann.de\/mr\/wp-content\/uploads\/2026\/04\/IMG_1297-1024x734.jpg\" alt=\"Dreh bei der ARD Buch-Lounge mit Caroline Wahl und Paula Irmschler. \" class=\"wp-image-1371\" srcset=\"https:\/\/www.martin-reissmann.de\/mr\/wp-content\/uploads\/2026\/04\/IMG_1297-1024x734.jpg 1024w, https:\/\/www.martin-reissmann.de\/mr\/wp-content\/uploads\/2026\/04\/IMG_1297-488x350.jpg 488w, https:\/\/www.martin-reissmann.de\/mr\/wp-content\/uploads\/2026\/04\/IMG_1297-768x550.jpg 768w, https:\/\/www.martin-reissmann.de\/mr\/wp-content\/uploads\/2026\/04\/IMG_1297-1536x1101.jpg 1536w, https:\/\/www.martin-reissmann.de\/mr\/wp-content\/uploads\/2026\/04\/IMG_1297.jpg 1920w\" sizes=\"auto, (max-width: 1024px) 100vw, 1024px\" \/><figcaption class=\"wp-element-caption\"><em>Dreh bei der ARD Buch-Lounge mit Paula Irmschler und <\/em><em>Caroline Wahl<\/em>.<em> <\/em><\/figcaption><\/figure>\n\n\n\n<p id=\"message\">Ein Schwerpunkt meiner T\u00e4tigkeit liegt beim Mitteldeutschen Rundfunk (MDR) in Leipzig, wo ich f\u00fcr die Redaktion \u201eTagesmagazin &amp; Dialog\u201c unterwegs bin. Dort entstehen Sendungen wie das ARD\u2011Mittagsmagazin, MDR UM VIER \u2013 DER STARKE OSTEN und Brisant, in denen regelm\u00e4\u00dfig auch meine selbst gedrehten Beitr\u00e4ge laufen.<\/p>\n\n\n\n<p id=\"message\">Dar\u00fcber hinaus produziere ich Videoinhalte f\u00fcr Unterhaltungs\u2011 und Magazinformate, arbeite an Serienprojekten und begleite Pers\u00f6nlichkeiten aus Medien, Kultur und Unterhaltung. Dazu z\u00e4hlen beispielweise K\u00fcnstlerportraits, Musikbeitr\u00e4ge sowie dokumentarische, regional verankerte Geschichten.<\/p>\n\n\n\n<figure class=\"wp-block-gallery has-nested-images columns-2 is-cropped wp-block-gallery-1 is-layout-flex wp-block-gallery-is-layout-flex\">\n<figure class=\"wp-block-image size-full\"><a href=\"https:\/\/www.martin-reissmann.de\/mr\/wp-content\/uploads\/2026\/04\/IMG_0230.jpg\" target=\"_blank\" rel=\"noopener\"><img loading=\"lazy\" decoding=\"async\" width=\"1920\" height=\"1440\" data-id=\"1373\" src=\"https:\/\/www.martin-reissmann.de\/mr\/wp-content\/uploads\/2026\/04\/IMG_0230.jpg\" alt=\"Interview mit Zeitzeugen Frank Heidan zur Friedlichen Revolution. \" class=\"wp-image-1373\" srcset=\"https:\/\/www.martin-reissmann.de\/mr\/wp-content\/uploads\/2026\/04\/IMG_0230.jpg 1920w, https:\/\/www.martin-reissmann.de\/mr\/wp-content\/uploads\/2026\/04\/IMG_0230-467x350.jpg 467w, https:\/\/www.martin-reissmann.de\/mr\/wp-content\/uploads\/2026\/04\/IMG_0230-1024x768.jpg 1024w, https:\/\/www.martin-reissmann.de\/mr\/wp-content\/uploads\/2026\/04\/IMG_0230-768x576.jpg 768w, https:\/\/www.martin-reissmann.de\/mr\/wp-content\/uploads\/2026\/04\/IMG_0230-1536x1152.jpg 1536w\" sizes=\"auto, (max-width: 1920px) 100vw, 1920px\" \/><\/a><figcaption class=\"wp-element-caption\">Interview mit Zeitzeugen Frank Heidan zur Friedlichen Revolution. <\/figcaption><\/figure>\n\n\n\n<figure class=\"wp-block-image size-full\"><a href=\"https:\/\/www.martin-reissmann.de\/mr\/wp-content\/uploads\/2026\/04\/IMG_6811.jpg\" target=\"_blank\" rel=\"noopener\"><img loading=\"lazy\" decoding=\"async\" width=\"1920\" height=\"1439\" data-id=\"1374\" src=\"https:\/\/www.martin-reissmann.de\/mr\/wp-content\/uploads\/2026\/04\/IMG_6811.jpg\" alt=\"Produktion mit Pflanzenarzt Ren\u00e9 Wadas.\" class=\"wp-image-1374\" srcset=\"https:\/\/www.martin-reissmann.de\/mr\/wp-content\/uploads\/2026\/04\/IMG_6811.jpg 1920w, https:\/\/www.martin-reissmann.de\/mr\/wp-content\/uploads\/2026\/04\/IMG_6811-467x350.jpg 467w, https:\/\/www.martin-reissmann.de\/mr\/wp-content\/uploads\/2026\/04\/IMG_6811-1024x767.jpg 1024w, https:\/\/www.martin-reissmann.de\/mr\/wp-content\/uploads\/2026\/04\/IMG_6811-768x576.jpg 768w, https:\/\/www.martin-reissmann.de\/mr\/wp-content\/uploads\/2026\/04\/IMG_6811-1536x1151.jpg 1536w\" sizes=\"auto, (max-width: 1920px) 100vw, 1920px\" \/><\/a><figcaption class=\"wp-element-caption\">Produktion mit Pflanzenarzt Ren\u00e9 Wadas.<\/figcaption><\/figure>\n\n\n\n<figure class=\"wp-block-image size-full\"><a href=\"https:\/\/www.martin-reissmann.de\/mr\/wp-content\/uploads\/2026\/04\/PXL_20250228_110438538.MP_.jpg\" target=\"_blank\" rel=\"noopener\"><img loading=\"lazy\" decoding=\"async\" width=\"1920\" height=\"1446\" data-id=\"1375\" src=\"https:\/\/www.martin-reissmann.de\/mr\/wp-content\/uploads\/2026\/04\/PXL_20250228_110438538.MP_.jpg\" alt=\"Dreh mit Moderator Peter Imhof. \" class=\"wp-image-1375\" srcset=\"https:\/\/www.martin-reissmann.de\/mr\/wp-content\/uploads\/2026\/04\/PXL_20250228_110438538.MP_.jpg 1920w, https:\/\/www.martin-reissmann.de\/mr\/wp-content\/uploads\/2026\/04\/PXL_20250228_110438538.MP_-465x350.jpg 465w, https:\/\/www.martin-reissmann.de\/mr\/wp-content\/uploads\/2026\/04\/PXL_20250228_110438538.MP_-1024x771.jpg 1024w, https:\/\/www.martin-reissmann.de\/mr\/wp-content\/uploads\/2026\/04\/PXL_20250228_110438538.MP_-768x578.jpg 768w, https:\/\/www.martin-reissmann.de\/mr\/wp-content\/uploads\/2026\/04\/PXL_20250228_110438538.MP_-1536x1157.jpg 1536w\" sizes=\"auto, (max-width: 1920px) 100vw, 1920px\" \/><\/a><figcaption class=\"wp-element-caption\">Dreh mit Moderator Peter Imhof. <\/figcaption><\/figure>\n<\/figure>\n\n\n\n<p id=\"message\">Ein besonderes Projekt ist meine kontinuierliche Zusammenarbeit mit Ren\u00e9 Wadas, Deutschlands einzigem Pflanzenarzt. F\u00fcr den MDR realisiere ich mit ihm exklusive Hausbesuchs\u2011Drehs f\u00fcr die Serie \u201eDer Pflanzenarzt im Einsatz\u201c, bei denen es auf journalistisches Gesp\u00fcr, Ruhe und N\u00e4he zum Protagonisten ankommt \u2013 Eigenschaften, die meine Arbeitsweise pr\u00e4gen. Auch mit namhaften Produktionsfirmen wie J\u00fcrgens TV oder der ariane\u2011film GmbH setze ich Inhalte f\u00fcr den Unterhaltungsbereich um.<\/p>\n\n\n\n<p id=\"message\">Jede Produktion ist anders \u2013 und genau das reizt mich. Ich bewege mich sicher zwischen tagesaktueller Kamera\u2011Arbeit, Unterhaltungsfernsehen, Musik- und K\u00fcnstlerdokumentationen, Portraitfilmen und regionalen Storys, die Menschen in ihrer Lebenswirklichkeit zeigen.<\/p>\n\n\n\n<h2 class=\"wp-block-heading\">Menschen sichtbar machen \u2013 mit Ruhe, N\u00e4he und echtem Interesse<\/h2>\n\n\n\n<figure class=\"wp-block-image size-large\"><img loading=\"lazy\" decoding=\"async\" width=\"1024\" height=\"683\" src=\"http:\/\/www.martin-reissmann.de\/mr\/wp-content\/uploads\/2026\/04\/ErzgebirgeSlalom-Foto-AMC-Annaberg-Buchholz-1024x683.jpg\" alt=\"ErzgebirgeSlalom Foto AMC Annaberg Buchholz\" class=\"wp-image-1367\" srcset=\"https:\/\/www.martin-reissmann.de\/mr\/wp-content\/uploads\/2026\/04\/ErzgebirgeSlalom-Foto-AMC-Annaberg-Buchholz-1024x683.jpg 1024w, https:\/\/www.martin-reissmann.de\/mr\/wp-content\/uploads\/2026\/04\/ErzgebirgeSlalom-Foto-AMC-Annaberg-Buchholz-525x350.jpg 525w, https:\/\/www.martin-reissmann.de\/mr\/wp-content\/uploads\/2026\/04\/ErzgebirgeSlalom-Foto-AMC-Annaberg-Buchholz-768x512.jpg 768w, https:\/\/www.martin-reissmann.de\/mr\/wp-content\/uploads\/2026\/04\/ErzgebirgeSlalom-Foto-AMC-Annaberg-Buchholz-1536x1024.jpg 1536w, https:\/\/www.martin-reissmann.de\/mr\/wp-content\/uploads\/2026\/04\/ErzgebirgeSlalom-Foto-AMC-Annaberg-Buchholz.jpg 1920w\" sizes=\"auto, (max-width: 1024px) 100vw, 1024px\" \/><figcaption class=\"wp-element-caption\"><em>Dreh beim ADAC Sachsen Slalom Cup <\/em><\/figcaption><\/figure>\n\n\n\n<p id=\"message\">Gute Bilder entstehen nicht nur durch Technik. Sie entstehen dann, wenn sich Menschen \u00f6ffnen, wenn sie Vertrauen fassen und bereit sind, einen echten Moment zu zeigen. <\/p>\n\n\n\n<p id=\"message\">Ich arbeite mit Ruhe, Aufmerksamkeit und einer ehrlichen, warmen Art, die es Interviewpartnern leicht macht, ins Gespr\u00e4ch zu kommen. Viele sagen mir nach einem Dreh, dass sie \u201evergessen haben, dass die Kamera da war\u201c. Genau das ist mein Ziel: authentische Momente einfangen, die man nicht inszenieren kann \u2013 nur erm\u00f6glichen.<\/p>\n\n\n\n<p id=\"message\">F\u00fcr mich ist Journalismus immer auch Beziehung: Zuh\u00f6ren, wahrnehmen, mitgehen, statt zu \u00fcberfahren. Und diese Haltung spiegelt sich in meinen Bildern und Beitr\u00e4gen wieder.<\/p>\n\n\n\n<h2 class=\"wp-block-heading\">Produktion mit Handschrift \u2013 und modernem Blick<\/h2>\n\n\n\n<p id=\"message\">Technisch arbeite ich mit professioneller Ausstattung, darunter die Sony FX6 (Vollformat), Drohnentechnik, Action\u2011Cams und zuverl\u00e4ssiges Licht\u2011 und Ton\u2011Equipment. Ich produziere Beitr\u00e4ge und Clips komplett aus einer Hand: von der Idee und Recherche \u00fcber den Dreh bis hin zu Schnitt und Finalisierung.<\/p>\n\n\n\n<p id=\"message\"><em>Formate, die ich regelm\u00e4\u00dfig produziere:<\/em><\/p>\n\n\n\n<ul class=\"wp-block-list\">\n<li>Magazin- und Nachrichtenbeitr\u00e4ge<\/li>\n\n\n\n<li>K\u00fcnstlerportraits, Musik- und Entertainmentformate<\/li>\n\n\n\n<li>Reportagen und regionale Erz\u00e4hlarbeiten<\/li>\n\n\n\n<li>Interview\u2011 und O\u2011Ton\u2011Drehs<\/li>\n\n\n\n<li>Event\u2011Dokumentationen und Backstage\u2011Storys<\/li>\n\n\n\n<li>Social\u2011Media\u2011Reels (Instagram, TikTok, YouTube Shorts)<\/li>\n\n\n\n<li>Inhalt f\u00fcr Unternehmen, K\u00fcnstler, Veranstalter und Pers\u00f6nlichkeiten<\/li>\n<\/ul>\n\n\n\n<p id=\"message\">Durch meine Social\u2011Media\u2011Arbeit und Reelerstellung habe ich ein Auge daf\u00fcr entwickelt, wie man Geschichten in 10, 20 oder 60 Sekunden erz\u00e4hlt.<\/p>\n\n\n\n<h2 class=\"wp-block-heading\">Arbeitsstil: schnell, strukturiert, empathisch<\/h2>\n\n\n\n<figure class=\"wp-block-image size-large\"><img loading=\"lazy\" decoding=\"async\" width=\"1024\" height=\"340\" src=\"http:\/\/www.martin-reissmann.de\/mr\/wp-content\/uploads\/2026\/04\/41359293-0f56-474f-9053-97e695857bbc-1024x340.jpg\" alt=\"Dreh in der Goitzsche-Wildnis.\" class=\"wp-image-1372\" srcset=\"https:\/\/www.martin-reissmann.de\/mr\/wp-content\/uploads\/2026\/04\/41359293-0f56-474f-9053-97e695857bbc-1024x340.jpg 1024w, https:\/\/www.martin-reissmann.de\/mr\/wp-content\/uploads\/2026\/04\/41359293-0f56-474f-9053-97e695857bbc-620x206.jpg 620w, https:\/\/www.martin-reissmann.de\/mr\/wp-content\/uploads\/2026\/04\/41359293-0f56-474f-9053-97e695857bbc-768x255.jpg 768w, https:\/\/www.martin-reissmann.de\/mr\/wp-content\/uploads\/2026\/04\/41359293-0f56-474f-9053-97e695857bbc-1536x510.jpg 1536w, https:\/\/www.martin-reissmann.de\/mr\/wp-content\/uploads\/2026\/04\/41359293-0f56-474f-9053-97e695857bbc.jpg 1920w\" sizes=\"auto, (max-width: 1024px) 100vw, 1024px\" \/><figcaption class=\"wp-element-caption\"><em>Dreh in der Goitzsche-Wildnis.<\/em><\/figcaption><\/figure>\n\n\n\n<p id=\"message\">Ich arbeite geradlinig, zuverl\u00e4ssig und l\u00f6sungsorientiert \u2013 auch unter Zeitdruck oder in wechselnden Szenarien. Meine St\u00e4rke ist es, komplexe Situationen ruhig zu sortieren und genau in dem Moment zu reagieren, in dem die Geschichte passiert.<\/p>\n\n\n\n<p id=\"message\">Flexibilit\u00e4t und menschliche W\u00e4rme geh\u00f6ren f\u00fcr mich genauso dazu wie professionelles Handwerk. Wer mit mir dreht, soll eine angenehme, konzentrierte und vertrauensvolle Arbeitsatmosph\u00e4re erleben \u2013 denn nur so entstehen Bilder, die ber\u00fchren.<\/p>\n\n\n\n<p id=\"message\">Ob Fernsehen, B\u00fchne, Social Media oder Web: Mein Anspruch ist es, Inhalte zu produzieren, die mehr sind als reine Information. Ich m\u00f6chte Geschichten visualisieren, die Menschen erreichen \u2013 nah, lebendig und echt.<\/p>\n","protected":false},"excerpt":{"rendered":"<p>Als erfahrender Video-Journalist mit eigener umfangreicher HD-Fernsehtechnik (Sony FX 6, Vollformat), Drohne, Action-Cam und Fotoausr\u00fcstung produziere ich selbstst\u00e4ndig sendef\u00e4hige Beitr\u00e4ge, Interviews oder Online-Clips &#8211; von der Vorbereitung bis zum Dreh und Schnitt.<\/p>\n","protected":false},"author":3,"featured_media":1355,"parent":0,"menu_order":0,"comment_status":"closed","ping_status":"closed","template":"","meta":{"footnotes":""},"class_list":["post-12","page","type-page","status-publish","has-post-thumbnail","hentry"],"_links":{"self":[{"href":"https:\/\/www.martin-reissmann.de\/mr\/wp-json\/wp\/v2\/pages\/12","targetHints":{"allow":["GET"]}}],"collection":[{"href":"https:\/\/www.martin-reissmann.de\/mr\/wp-json\/wp\/v2\/pages"}],"about":[{"href":"https:\/\/www.martin-reissmann.de\/mr\/wp-json\/wp\/v2\/types\/page"}],"author":[{"embeddable":true,"href":"https:\/\/www.martin-reissmann.de\/mr\/wp-json\/wp\/v2\/users\/3"}],"replies":[{"embeddable":true,"href":"https:\/\/www.martin-reissmann.de\/mr\/wp-json\/wp\/v2\/comments?post=12"}],"version-history":[{"count":17,"href":"https:\/\/www.martin-reissmann.de\/mr\/wp-json\/wp\/v2\/pages\/12\/revisions"}],"predecessor-version":[{"id":1378,"href":"https:\/\/www.martin-reissmann.de\/mr\/wp-json\/wp\/v2\/pages\/12\/revisions\/1378"}],"wp:featuredmedia":[{"embeddable":true,"href":"https:\/\/www.martin-reissmann.de\/mr\/wp-json\/wp\/v2\/media\/1355"}],"wp:attachment":[{"href":"https:\/\/www.martin-reissmann.de\/mr\/wp-json\/wp\/v2\/media?parent=12"}],"curies":[{"name":"wp","href":"https:\/\/api.w.org\/{rel}","templated":true}]}}