{"id":8,"date":"2026-04-12T21:04:23","date_gmt":"2026-04-12T19:04:23","guid":{"rendered":"http:\/\/demos.famethemes.com\/screenr\/?page_id=8"},"modified":"2026-04-12T21:08:29","modified_gmt":"2026-04-12T19:08:29","slug":"about-martin-reissmann","status":"publish","type":"page","link":"https:\/\/www.martin-reissmann.de\/mr\/about-martin-reissmann\/","title":{"rendered":"Vita"},"content":{"rendered":"\n<h1 class=\"wp-block-heading\">Martin Rei\u00dfmann<\/h1>\n\n\n\n<p id=\"message\"><strong>Der Journalismus und die Musik begleiten mich, seit ich denken kann. Sie sind mein Zuhause \u2013 im Radio, im Fernsehen, auf der B\u00fchne und im echten Leben. Ich liebe es, Geschichten zu erz\u00e4hlen, Menschen zu \u00f6ffnen und Momente festzuhalten, die bleiben. Heute arbeite ich als Videojournalist, Event\u2011DJ und Produzent von InStore Musikprogrammen f\u00fcr Unternehmen. Drei Welten, die sich \u00fcberraschend gut erg\u00e4nzen \u2013 und meinen Weg perfekt widerspiegeln.<\/strong><\/p>\n\n\n\n<figure class=\"wp-block-image size-large\"><img loading=\"lazy\" decoding=\"async\" width=\"1024\" height=\"576\" src=\"http:\/\/www.martin-reissmann.de\/mr\/wp-content\/uploads\/2026\/04\/IMG_4231-1024x576.jpg\" alt=\"Moderation beim Plauener Faschingsumzug.\" class=\"wp-image-1401\" srcset=\"https:\/\/www.martin-reissmann.de\/mr\/wp-content\/uploads\/2026\/04\/IMG_4231-1024x576.jpg 1024w, https:\/\/www.martin-reissmann.de\/mr\/wp-content\/uploads\/2026\/04\/IMG_4231-620x350.jpg 620w, https:\/\/www.martin-reissmann.de\/mr\/wp-content\/uploads\/2026\/04\/IMG_4231-300x169.jpg 300w, https:\/\/www.martin-reissmann.de\/mr\/wp-content\/uploads\/2026\/04\/IMG_4231-768x432.jpg 768w, https:\/\/www.martin-reissmann.de\/mr\/wp-content\/uploads\/2026\/04\/IMG_4231-1536x864.jpg 1536w, https:\/\/www.martin-reissmann.de\/mr\/wp-content\/uploads\/2026\/04\/IMG_4231.jpg 1920w\" sizes=\"auto, (max-width: 1024px) 100vw, 1024px\" \/><figcaption class=\"wp-element-caption\"><em>Moderation beim Plauener Faschingsumzug.<\/em><\/figcaption><\/figure>\n\n\n\n<h2 class=\"wp-block-heading\">Wie alles begann<\/h2>\n\n\n\n<p id=\"message\">Angefangen hat alles im SAEK Plauen \u2013 einer kreativen Spielwiese, die sp\u00e4ter mein Berufsleben pr\u00e4gen sollte. Mit der Jugendsendung <em>Flashlight<\/em> stand ich zum ersten Mal hinter dem Mikrofon. <\/p>\n\n\n\n<p id=\"message\">Daraus wurde ein ernsthafter Weg: Ich wechselte zum Regionalsender <a href=\"https:\/\/vogtlandradio.de\/\">Vogtland\u2011Radio<\/a>, wo ich fast sieben Jahre lang moderierte, Nachrichten sprach und als Sportreporter unterwegs war. Radio war f\u00fcr mich immer mehr als ein Job \u2013 es war der Ort, an dem ich lernte, Menschen zuzuh\u00f6ren, mit ihnen ins Gespr\u00e4ch zu kommen und Stimmungen in Worte zu fassen.<\/p>\n\n\n\n<p id=\"message\">Sp\u00e4ter arbeitete ich bei der Tageszeitung <a href=\"https:\/\/de.wikipedia.org\/wiki\/Vogtland-Anzeiger\">Vogtland\u2011Anzeiger<\/a> \u2013 als Reporter, Fotograf und in der digitalen Weiterentwicklung der Zeitung. Die Arbeit im Lokalen hat mich gepr\u00e4gt: nah dran, ungeschminkt, ehrlich. Seit 2005 betreibe ich zus\u00e4tzlich das Online\u2011Magazin <a href=\"https:\/\/www.spitzenstadt.de\/\">Spitzenstadt.de<\/a>, das meine Heimat Plauen und das Vogtland journalistisch begleitet.<\/p>\n\n\n\n<h2 class=\"wp-block-heading\">Vom Radio zum Fernsehen<\/h2>\n\n\n\n<p id=\"message\">Mit der Zeit zog es mich st\u00e4rker in die Bewegtbildwelt. An der <a href=\"https:\/\/www.b-a-f.de\/\">Bayerischen Akademie f\u00fcr Fernsehen (BAF) <\/a>in Unterf\u00f6hring vertiefte ich mein Handwerk als Fernsehjournalist \u2013 Kamera, Ton, Schnitt, Storytelling.<\/p>\n\n\n\n<p id=\"message\">Heute arbeite ich als freier Videojournalist f\u00fcr den <a href=\"https:\/\/www.mdr.de\">Mitteldeutschen Rundfunk (MDR)<\/a> in Leipzig. F\u00fcr die Redaktion <em>Tagesmagazin &amp; Dialog<\/em> produziere ich regelm\u00e4\u00dfig Beitr\u00e4ge f\u00fcr das ARD\u2011Mittagsmagazin, MDR UM VIER \u2013 Der starke Osten und Brisant.<\/p>\n\n\n\n<p id=\"message\">Ich drehe K\u00fcnstler\u2011Portraits, tagesaktuelle Geschichten, Unterhaltungsbeitr\u00e4ge und Reportagen \u2013 oft allein mit Kamera, Empathie und dem Anspruch, Menschen vor der Kamera zu \u00f6ffnen. Besonders gern arbeite ich an Formaten wie <em>G\u00e4ste zum Kaffee<\/em>, an Inhalten mit <a href=\"https:\/\/der-pflanzenarzt.de\/\">Ren\u00e9 Wadas<\/a>, Deutschlands einzigem Pflanzenarzt, oder Backstage\u2011Reportagen f\u00fcr Entertainment\u2011Produktionen mit <a href=\"https:\/\/www.instagram.com\/floriansilbereisen.official\/\">Florian Silbereisen<\/a>.<\/p>\n\n\n\n<h2 class=\"wp-block-heading\">Event\u2011DJ \u2013 Musik, die Menschen verbindet<\/h2>\n\n\n\n<figure class=\"wp-block-image size-large\"><img loading=\"lazy\" decoding=\"async\" width=\"768\" height=\"1024\" src=\"http:\/\/www.martin-reissmann.de\/mr\/wp-content\/uploads\/2026\/04\/IMG_3522-768x1024.jpg\" alt=\"Martin Rei\u00dfmann als DJ im Studio von MDR UM VIER.\" class=\"wp-image-1399\" srcset=\"https:\/\/www.martin-reissmann.de\/mr\/wp-content\/uploads\/2026\/04\/IMG_3522-768x1024.jpg 768w, https:\/\/www.martin-reissmann.de\/mr\/wp-content\/uploads\/2026\/04\/IMG_3522-263x350.jpg 263w, https:\/\/www.martin-reissmann.de\/mr\/wp-content\/uploads\/2026\/04\/IMG_3522-1152x1536.jpg 1152w, https:\/\/www.martin-reissmann.de\/mr\/wp-content\/uploads\/2026\/04\/IMG_3522.jpg 1440w\" sizes=\"auto, (max-width: 768px) 100vw, 768px\" \/><figcaption class=\"wp-element-caption\"><em>Martin Rei\u00dfmann als DJ im Studio von MDR UM VIER.<\/em><\/figcaption><\/figure>\n\n\n\n<p id=\"message\">Musik begleitet mein Leben genauso intensiv wie der Journalismus. Als <a href=\"https:\/\/www.martin-reissmann.de\/mr\/discjockey-dj-m\/\">Event\u2011DJ<\/a> stehe ich jedes Jahr auf Stadtfesten, Jubil\u00e4en, Shows und Aftershow\u2011Partys auf der B\u00fchne. Ich spiele Mainstream, Dance, Charts und Klassiker \u2013 immer mit dem Gef\u00fchl f\u00fcr den Moment.<\/p>\n\n\n\n<p id=\"message\">Ich liebe es, eine Menschenmenge zu lesen und mit Musik zu steuern. Dieses Gesp\u00fcr flie\u00dft in all meine Bereiche ein: in Interviews, wenn ich Stimmungen sp\u00fcre, und in die Audioprogramme, die ich f\u00fcr Unternehmen kreiere.<\/p>\n\n\n\n<h2 class=\"wp-block-heading\">Musikprogramme f\u00fcr Unternehmen<\/h2>\n\n\n\n<p id=\"message\">Mit Radio\u2011Selection gestalte ich individuelle Musik- und Audioprogramme f\u00fcr Firmen. Ob Einzelhandel, Fitness oder Gastronomie \u2013 jede Marke bekommt ihren eigenen Klang. Ich nutze dabei sowohl lizenzkonforme und rechtefreie Musik als auch moderne, neue Produktionswege, um hochwertige, sichere Klangwelten zu gestalten \u2013 ohne rechtliche Stolperfallen.<\/p>\n\n\n\n<p id=\"message\">Nebenbei betreibe ich mit RadioSelection.de auch ein eigenes Webradio \u2013 meine musikalische Spielwiese und ein Ort, an dem ich neue Ideen ausprobiere.<\/p>\n\n\n\n<h2 class=\"wp-block-heading\">Was mich ausmacht<\/h2>\n\n\n\n<p id=\"message\">Ich arbeite mit viel Empathie, Ruhe und echtem Interesse. Menschen erz\u00e4hlen mir Dinge, die sie vorher nicht sagen wollten. Vor der Kamera \u00f6ffnen sie sich, weil sie sich verstanden f\u00fchlen \u2013 und weil ich selbst lieber zuh\u00f6re als rede. Ich kombiniere journalistische Erfahrung, Live\u2011Energie und musikalisches Gef\u00fchl. Egal ob Dreh, Event oder Klangkonzept \u2013 es geht immer darum, Menschen emotional zu erreichen.<\/p>\n\n\n\n<h2 class=\"wp-block-heading\">Und heute?<\/h2>\n\n\n\n<p id=\"message\">Heute bin ich gl\u00fccklich dort, wo sich meine Wege treffen: Bewegtbild. Musik. Marken. Menschen. Alles geh\u00f6rt zusammen \u2013 und all das bin ich.<\/p>\n\n\n\n<figure class=\"wp-block-gallery has-nested-images columns-default is-cropped wp-block-gallery-1 is-layout-flex wp-block-gallery-is-layout-flex\">\n<figure class=\"wp-block-image size-full\"><a href=\"https:\/\/www.martin-reissmann.de\/mr\/wp-content\/uploads\/2020\/03\/FreierVideoJournalist-Martin-Reissmann.jpg\"><img loading=\"lazy\" decoding=\"async\" width=\"2000\" height=\"1325\" data-id=\"1309\" src=\"https:\/\/www.martin-reissmann.de\/mr\/wp-content\/uploads\/2020\/03\/FreierVideoJournalist-Martin-Reissmann.jpg\" alt=\"FreierVideoJournalist-Martin-Reissmann\" class=\"wp-image-1309\" srcset=\"https:\/\/www.martin-reissmann.de\/mr\/wp-content\/uploads\/2020\/03\/FreierVideoJournalist-Martin-Reissmann.jpg 2000w, https:\/\/www.martin-reissmann.de\/mr\/wp-content\/uploads\/2020\/03\/FreierVideoJournalist-Martin-Reissmann-528x350.jpg 528w, https:\/\/www.martin-reissmann.de\/mr\/wp-content\/uploads\/2020\/03\/FreierVideoJournalist-Martin-Reissmann-1024x678.jpg 1024w, https:\/\/www.martin-reissmann.de\/mr\/wp-content\/uploads\/2020\/03\/FreierVideoJournalist-Martin-Reissmann-768x509.jpg 768w, https:\/\/www.martin-reissmann.de\/mr\/wp-content\/uploads\/2020\/03\/FreierVideoJournalist-Martin-Reissmann-1536x1018.jpg 1536w\" sizes=\"auto, (max-width: 2000px) 100vw, 2000px\" \/><\/a><figcaption class=\"wp-element-caption\">Videojournalist Martin Rei\u00dfmann<\/figcaption><\/figure>\n\n\n\n<figure class=\"wp-block-image size-full\"><a href=\"https:\/\/www.martin-reissmann.de\/mr\/wp-content\/uploads\/2020\/03\/binbaf1.jpg\"><img loading=\"lazy\" decoding=\"async\" width=\"960\" height=\"640\" data-id=\"1231\" src=\"https:\/\/www.martin-reissmann.de\/mr\/wp-content\/uploads\/2020\/03\/binbaf1.jpg\" alt=\"Sendung &quot;Bin Baf&quot;\" class=\"wp-image-1231\" srcset=\"https:\/\/www.martin-reissmann.de\/mr\/wp-content\/uploads\/2020\/03\/binbaf1.jpg 960w, https:\/\/www.martin-reissmann.de\/mr\/wp-content\/uploads\/2020\/03\/binbaf1-525x350.jpg 525w, https:\/\/www.martin-reissmann.de\/mr\/wp-content\/uploads\/2020\/03\/binbaf1-768x512.jpg 768w\" sizes=\"auto, (max-width: 960px) 100vw, 960px\" \/><\/a><figcaption class=\"wp-element-caption\">Sendung &#8220;Bin Baf&#8221;<\/figcaption><\/figure>\n\n\n\n<figure class=\"wp-block-image size-full\"><a href=\"https:\/\/www.martin-reissmann.de\/mr\/wp-content\/uploads\/2020\/03\/Emil_Martin_Action04_BarbaraSeppi-scaled.jpg\"><img loading=\"lazy\" decoding=\"async\" width=\"2560\" height=\"1693\" data-id=\"1230\" src=\"https:\/\/www.martin-reissmann.de\/mr\/wp-content\/uploads\/2020\/03\/Emil_Martin_Action04_BarbaraSeppi-scaled.jpg\" alt=\"Dreh f\u00fcr den KiKA\" class=\"wp-image-1230\" srcset=\"https:\/\/www.martin-reissmann.de\/mr\/wp-content\/uploads\/2020\/03\/Emil_Martin_Action04_BarbaraSeppi-scaled.jpg 2560w, https:\/\/www.martin-reissmann.de\/mr\/wp-content\/uploads\/2020\/03\/Emil_Martin_Action04_BarbaraSeppi-529x350.jpg 529w, https:\/\/www.martin-reissmann.de\/mr\/wp-content\/uploads\/2020\/03\/Emil_Martin_Action04_BarbaraSeppi-1024x677.jpg 1024w, https:\/\/www.martin-reissmann.de\/mr\/wp-content\/uploads\/2020\/03\/Emil_Martin_Action04_BarbaraSeppi-768x508.jpg 768w, https:\/\/www.martin-reissmann.de\/mr\/wp-content\/uploads\/2020\/03\/Emil_Martin_Action04_BarbaraSeppi-1536x1016.jpg 1536w, https:\/\/www.martin-reissmann.de\/mr\/wp-content\/uploads\/2020\/03\/Emil_Martin_Action04_BarbaraSeppi-2048x1354.jpg 2048w\" sizes=\"auto, (max-width: 2560px) 100vw, 2560px\" \/><\/a><figcaption class=\"wp-element-caption\">Dreh f\u00fcr den KiKA<\/figcaption><\/figure>\n\n\n\n<figure class=\"wp-block-image size-full\"><a href=\"https:\/\/www.martin-reissmann.de\/mr\/wp-content\/uploads\/2020\/03\/IMG_2832-scaled.jpg\"><img loading=\"lazy\" decoding=\"async\" width=\"1920\" height=\"2560\" data-id=\"1228\" src=\"https:\/\/www.martin-reissmann.de\/mr\/wp-content\/uploads\/2020\/03\/IMG_2832-scaled.jpg\" alt=\"Martin Rei\u00dfmann\" class=\"wp-image-1228\" srcset=\"https:\/\/www.martin-reissmann.de\/mr\/wp-content\/uploads\/2020\/03\/IMG_2832-scaled.jpg 1920w, https:\/\/www.martin-reissmann.de\/mr\/wp-content\/uploads\/2020\/03\/IMG_2832-263x350.jpg 263w, https:\/\/www.martin-reissmann.de\/mr\/wp-content\/uploads\/2020\/03\/IMG_2832-768x1024.jpg 768w, https:\/\/www.martin-reissmann.de\/mr\/wp-content\/uploads\/2020\/03\/IMG_2832-1152x1536.jpg 1152w, https:\/\/www.martin-reissmann.de\/mr\/wp-content\/uploads\/2020\/03\/IMG_2832-1536x2048.jpg 1536w\" sizes=\"auto, (max-width: 1920px) 100vw, 1920px\" \/><\/a><figcaption class=\"wp-element-caption\">Vogtland-Anzeiger<\/figcaption><\/figure>\n\n\n\n<figure class=\"wp-block-image size-full\"><a href=\"https:\/\/www.martin-reissmann.de\/mr\/wp-content\/uploads\/2020\/03\/\u00a9Gartner_Math\u00e4us_-6312-scaled.jpg\"><img loading=\"lazy\" decoding=\"async\" width=\"2560\" height=\"1707\" data-id=\"944\" src=\"https:\/\/www.martin-reissmann.de\/mr\/wp-content\/uploads\/2020\/03\/\u00a9Gartner_Math\u00e4us_-6312-scaled.jpg\" alt=\"Dreh mit Florian Silbereisen und Thomas Anders \u00a9 Gartner Math\u00e4us\" class=\"wp-image-944\" srcset=\"https:\/\/www.martin-reissmann.de\/mr\/wp-content\/uploads\/2020\/03\/\u00a9Gartner_Math\u00e4us_-6312-scaled.jpg 2560w, https:\/\/www.martin-reissmann.de\/mr\/wp-content\/uploads\/2020\/03\/\u00a9Gartner_Math\u00e4us_-6312-525x350.jpg 525w, https:\/\/www.martin-reissmann.de\/mr\/wp-content\/uploads\/2020\/03\/\u00a9Gartner_Math\u00e4us_-6312-1024x683.jpg 1024w, https:\/\/www.martin-reissmann.de\/mr\/wp-content\/uploads\/2020\/03\/\u00a9Gartner_Math\u00e4us_-6312-768x512.jpg 768w, https:\/\/www.martin-reissmann.de\/mr\/wp-content\/uploads\/2020\/03\/\u00a9Gartner_Math\u00e4us_-6312-1536x1024.jpg 1536w, https:\/\/www.martin-reissmann.de\/mr\/wp-content\/uploads\/2020\/03\/\u00a9Gartner_Math\u00e4us_-6312-2048x1365.jpg 2048w, https:\/\/www.martin-reissmann.de\/mr\/wp-content\/uploads\/2020\/03\/\u00a9Gartner_Math\u00e4us_-6312-250x167.jpg 250w, https:\/\/www.martin-reissmann.de\/mr\/wp-content\/uploads\/2020\/03\/\u00a9Gartner_Math\u00e4us_-6312-600x400.jpg 600w\" sizes=\"auto, (max-width: 2560px) 100vw, 2560px\" \/><\/a><figcaption class=\"wp-element-caption\">Dreh mit Florian Silbereisen und Thomas Anders \u00a9 Gartner Math\u00e4us<\/figcaption><\/figure>\n\n\n\n<figure class=\"wp-block-image size-full\"><a href=\"https:\/\/www.martin-reissmann.de\/mr\/wp-content\/uploads\/2020\/03\/Sascha-Strobel-Fotografie-06222-scaled.jpg\"><img loading=\"lazy\" decoding=\"async\" width=\"2560\" height=\"1707\" data-id=\"964\" src=\"https:\/\/www.martin-reissmann.de\/mr\/wp-content\/uploads\/2020\/03\/Sascha-Strobel-Fotografie-06222-scaled.jpg\" alt=\"Musikvideodreh Foto: Sascha Strobel\" class=\"wp-image-964\" srcset=\"https:\/\/www.martin-reissmann.de\/mr\/wp-content\/uploads\/2020\/03\/Sascha-Strobel-Fotografie-06222-scaled.jpg 2560w, https:\/\/www.martin-reissmann.de\/mr\/wp-content\/uploads\/2020\/03\/Sascha-Strobel-Fotografie-06222-525x350.jpg 525w, https:\/\/www.martin-reissmann.de\/mr\/wp-content\/uploads\/2020\/03\/Sascha-Strobel-Fotografie-06222-1024x683.jpg 1024w, https:\/\/www.martin-reissmann.de\/mr\/wp-content\/uploads\/2020\/03\/Sascha-Strobel-Fotografie-06222-768x512.jpg 768w, https:\/\/www.martin-reissmann.de\/mr\/wp-content\/uploads\/2020\/03\/Sascha-Strobel-Fotografie-06222-1536x1024.jpg 1536w, https:\/\/www.martin-reissmann.de\/mr\/wp-content\/uploads\/2020\/03\/Sascha-Strobel-Fotografie-06222-2048x1365.jpg 2048w, https:\/\/www.martin-reissmann.de\/mr\/wp-content\/uploads\/2020\/03\/Sascha-Strobel-Fotografie-06222-250x167.jpg 250w, https:\/\/www.martin-reissmann.de\/mr\/wp-content\/uploads\/2020\/03\/Sascha-Strobel-Fotografie-06222-600x400.jpg 600w\" sizes=\"auto, (max-width: 2560px) 100vw, 2560px\" \/><\/a><figcaption class=\"wp-element-caption\">Musikvideodreh \u00a9 Sascha Strobel<\/figcaption><\/figure>\n\n\n\n<figure class=\"wp-block-image size-full\"><a href=\"https:\/\/www.martin-reissmann.de\/mr\/wp-content\/uploads\/2015\/03\/VJ_Messe-scaled.jpg\"><img loading=\"lazy\" decoding=\"async\" width=\"2560\" height=\"1696\" data-id=\"591\" src=\"https:\/\/www.martin-reissmann.de\/mr\/wp-content\/uploads\/2015\/03\/VJ_Messe-scaled.jpg\" alt=\"Als VJ auf der Messe unterwegs\" class=\"wp-image-591\" srcset=\"https:\/\/www.martin-reissmann.de\/mr\/wp-content\/uploads\/2015\/03\/VJ_Messe-scaled.jpg 2560w, https:\/\/www.martin-reissmann.de\/mr\/wp-content\/uploads\/2015\/03\/VJ_Messe-600x397.jpg 600w, https:\/\/www.martin-reissmann.de\/mr\/wp-content\/uploads\/2015\/03\/VJ_Messe-528x350.jpg 528w, https:\/\/www.martin-reissmann.de\/mr\/wp-content\/uploads\/2015\/03\/VJ_Messe-1024x678.jpg 1024w, https:\/\/www.martin-reissmann.de\/mr\/wp-content\/uploads\/2015\/03\/VJ_Messe-250x165.jpg 250w, https:\/\/www.martin-reissmann.de\/mr\/wp-content\/uploads\/2015\/03\/VJ_Messe-624x413.jpg 624w\" sizes=\"auto, (max-width: 2560px) 100vw, 2560px\" \/><\/a><figcaption class=\"wp-element-caption\">Als VJ auf der Messe unterwegs<\/figcaption><\/figure>\n\n\n\n<figure class=\"wp-block-image size-full\"><a href=\"https:\/\/www.martin-reissmann.de\/mr\/wp-content\/uploads\/2014\/03\/voice-3.jpg\"><img loading=\"lazy\" decoding=\"async\" width=\"640\" height=\"350\" data-id=\"138\" src=\"https:\/\/www.martin-reissmann.de\/mr\/wp-content\/uploads\/2014\/03\/voice-3.jpg\" alt=\"Radiomoderator Martin Rei\u00dfmann\" class=\"wp-image-138\" srcset=\"https:\/\/www.martin-reissmann.de\/mr\/wp-content\/uploads\/2014\/03\/voice-3.jpg 640w, https:\/\/www.martin-reissmann.de\/mr\/wp-content\/uploads\/2014\/03\/voice-3-600x328.jpg 600w, https:\/\/www.martin-reissmann.de\/mr\/wp-content\/uploads\/2014\/03\/voice-3-620x339.jpg 620w, https:\/\/www.martin-reissmann.de\/mr\/wp-content\/uploads\/2014\/03\/voice-3-250x136.jpg 250w, https:\/\/www.martin-reissmann.de\/mr\/wp-content\/uploads\/2014\/03\/voice-3-624x341.jpg 624w\" sizes=\"auto, (max-width: 640px) 100vw, 640px\" \/><\/a><figcaption class=\"wp-element-caption\">Vogtland-Radio<\/figcaption><\/figure>\n<\/figure>\n","protected":false},"excerpt":{"rendered":"<p>Journalismus, Musik und Menschen \u2013 das ist meine Welt. Als Videojournalist erz\u00e4hle ich Geschichten mit Kamera und Herz, als Event\u2011DJ lese ich Stimmungen im Moment, und mit Radio\u2011Selection gestalte ich Klangwelten f\u00fcr Unternehmen. Drei Wege, eine Leidenschaft: Erlebnisse schaffen, die bleiben.<\/p>\n<p><!-- wp:button --><\/p>\n<div class=\"wp-block-button\"><a class=\"wp-block-button__link\" href=\"https:\/\/www.martin-reissmann.de\/mr\/about-martin-reissmann\/\">mehr erfahren<\/a><\/div>\n<p><!-- \/wp:button --><\/p>\n","protected":false},"author":3,"featured_media":1350,"parent":0,"menu_order":0,"comment_status":"closed","ping_status":"closed","template":"","meta":{"footnotes":""},"class_list":["post-8","page","type-page","status-publish","has-post-thumbnail","hentry"],"_links":{"self":[{"href":"https:\/\/www.martin-reissmann.de\/mr\/wp-json\/wp\/v2\/pages\/8","targetHints":{"allow":["GET"]}}],"collection":[{"href":"https:\/\/www.martin-reissmann.de\/mr\/wp-json\/wp\/v2\/pages"}],"about":[{"href":"https:\/\/www.martin-reissmann.de\/mr\/wp-json\/wp\/v2\/types\/page"}],"author":[{"embeddable":true,"href":"https:\/\/www.martin-reissmann.de\/mr\/wp-json\/wp\/v2\/users\/3"}],"replies":[{"embeddable":true,"href":"https:\/\/www.martin-reissmann.de\/mr\/wp-json\/wp\/v2\/comments?post=8"}],"version-history":[{"count":24,"href":"https:\/\/www.martin-reissmann.de\/mr\/wp-json\/wp\/v2\/pages\/8\/revisions"}],"predecessor-version":[{"id":1402,"href":"https:\/\/www.martin-reissmann.de\/mr\/wp-json\/wp\/v2\/pages\/8\/revisions\/1402"}],"wp:featuredmedia":[{"embeddable":true,"href":"https:\/\/www.martin-reissmann.de\/mr\/wp-json\/wp\/v2\/media\/1350"}],"wp:attachment":[{"href":"https:\/\/www.martin-reissmann.de\/mr\/wp-json\/wp\/v2\/media?parent=8"}],"curies":[{"name":"wp","href":"https:\/\/api.w.org\/{rel}","templated":true}]}}